{"id":2205,"date":"2023-09-12T11:02:59","date_gmt":"2023-09-12T14:02:59","guid":{"rendered":"https:\/\/projetos.avioriz.com.br\/montclairelleva\/?page_id=2205"},"modified":"2023-10-23T17:08:53","modified_gmt":"2023-10-23T20:08:53","slug":"politica-de-privacidade","status":"publish","type":"page","link":"https:\/\/projetos.avioriz.com.br\/montclairelleva\/politica-de-privacidade\/","title":{"rendered":"Pol\u00edtica de Privacidade"},"content":{"rendered":"\t\t<div data-elementor-type=\"wp-page\" data-elementor-id=\"2205\" class=\"elementor elementor-2205\" data-elementor-post-type=\"page\">\n\t\t\t\t\t\t\t<div class=\"elementor-element elementor-element-3b383ca e-flex e-con-boxed e-con\" data-id=\"3b383ca\" data-element_type=\"container\" data-settings=\"{&quot;background_background&quot;:&quot;classic&quot;,&quot;shape_divider_bottom&quot;:&quot;curve&quot;,&quot;shape_divider_bottom_negative&quot;:&quot;yes&quot;,&quot;content_width&quot;:&quot;boxed&quot;}\">\n\t\t\t\t\t<div class=\"e-con-inner\">\n\t\t\t\t<div class=\"elementor-shape elementor-shape-bottom\" data-negative=\"true\">\n\t\t\t<svg xmlns=\"http:\/\/www.w3.org\/2000\/svg\" viewBox=\"0 0 1000 100\" preserveAspectRatio=\"none\">\n\t<path class=\"elementor-shape-fill\" d=\"M500,97C126.7,96.3,0.8,19.8,0,0v100l1000,0V1C1000,19.4,873.3,97.8,500,97z\"\/>\n<\/svg>\t\t<\/div>\n\t\t\t\t<div class=\"elementor-element elementor-element-f940095 elementor-widget__width-inherit elementor-widget elementor-widget-text-editor\" data-id=\"f940095\" data-element_type=\"widget\" data-widget_type=\"text-editor.default\">\n\t\t\t\t<div class=\"elementor-widget-container\">\n\t\t\t<style>\/*! elementor - v3.15.0 - 20-08-2023 *\/\n.elementor-widget-text-editor.elementor-drop-cap-view-stacked .elementor-drop-cap{background-color:#69727d;color:#fff}.elementor-widget-text-editor.elementor-drop-cap-view-framed .elementor-drop-cap{color:#69727d;border:3px solid;background-color:transparent}.elementor-widget-text-editor:not(.elementor-drop-cap-view-default) .elementor-drop-cap{margin-top:8px}.elementor-widget-text-editor:not(.elementor-drop-cap-view-default) .elementor-drop-cap-letter{width:1em;height:1em}.elementor-widget-text-editor .elementor-drop-cap{float:left;text-align:center;line-height:1;font-size:50px}.elementor-widget-text-editor .elementor-drop-cap-letter{display:inline-block}<\/style>\t\t\t\t<p>Pol\u00edtica de Privacidade<\/p>\t\t\t\t\t\t<\/div>\n\t\t\t\t<\/div>\n\t\t\t\t\t<\/div>\n\t\t\t\t<\/div>\n\t\t<div class=\"elementor-element elementor-element-10e8953 e-flex e-con-boxed e-con\" data-id=\"10e8953\" data-element_type=\"container\" data-settings=\"{&quot;content_width&quot;:&quot;boxed&quot;}\">\n\t\t\t\t\t<div class=\"e-con-inner\">\n\t\t\t\t<div class=\"elementor-element elementor-element-a5f8b01 elementor-widget elementor-widget-text-editor\" data-id=\"a5f8b01\" data-element_type=\"widget\" data-widget_type=\"text-editor.default\">\n\t\t\t\t<div class=\"elementor-widget-container\">\n\t\t\t\t\t\t\t<p>Bem-vindo ao site Montclair Elleva, acess\u00edvel em <strong><a href=\"https:\/\/projetos.avioriz.com.br\/montclairelleva\/\" target=\"_new\">https:\/\/projetos.avioriz.com.br\/montclairelleva\/<\/a><\/strong> (doravante referido como &#8220;Site&#8221;). Este Site \u00e9 operado pela Montclair Elleva. Valorizamos sua privacidade e estamos empenhados em proteger suas informa\u00e7\u00f5es pessoais. Esta pol\u00edtica explica como coletamos, usamos e protegemos suas informa\u00e7\u00f5es quando voc\u00ea usa nosso Site. Ao acessar ou usar nosso Site, voc\u00ea concorda com os termos descritos nesta Pol\u00edtica de Privacidade e Termos de Uso.<\/p><p><strong>Coleta de Dados<\/strong><\/p><ol><li><p><strong>Cookies<\/strong>: Utilizamos cookies para aprimorar a experi\u00eancia do usu\u00e1rio. Os cookies s\u00e3o pequenos arquivos de texto que s\u00e3o armazenados no seu dispositivo quando voc\u00ea visita o Site. Eles ajudam a melhorar a funcionalidade do Site e a fornecer informa\u00e7\u00f5es anal\u00edticas. Voc\u00ea pode gerenciar suas prefer\u00eancias de cookies atrav\u00e9s das configura\u00e7\u00f5es do seu navegador.<\/p><\/li><li><p><strong>Coleta de Dados Pessoais<\/strong>: Quando voc\u00ea interage com nosso Site, podemos coletar informa\u00e7\u00f5es pessoais que voc\u00ea nos fornece voluntariamente, como nome, endere\u00e7o de e-mail e outras informa\u00e7\u00f5es de contato quando voc\u00ea preenche formul\u00e1rios ou entra em contato conosco.<\/p><\/li><\/ol><p><strong>Uso de Dados<\/strong><\/p><ol><li><p><strong>Cookies<\/strong>: Utilizamos cookies para personalizar sua experi\u00eancia, analisar o tr\u00e1fego do site e melhorar nossos servi\u00e7os. Os cookies tamb\u00e9m podem ser usados para rastrear como voc\u00ea utiliza nosso Site.<\/p><\/li><li><p><strong>Dados Pessoais<\/strong>: Utilizamos as informa\u00e7\u00f5es pessoais que coletamos para responder a suas solicita\u00e7\u00f5es, fornecer informa\u00e7\u00f5es sobre nossos produtos e servi\u00e7os, melhorar nosso Site e cumprir com obriga\u00e7\u00f5es legais.<\/p><\/li><\/ol><p><strong>Compartilhamento de Dados<\/strong><\/p><p>N\u00e3o compartilhamos suas informa\u00e7\u00f5es pessoais com terceiros, exceto quando necess\u00e1rio para cumprir obriga\u00e7\u00f5es legais ou quando voc\u00ea nos autoriza a faz\u00ea-lo.<\/p><p><strong>Seguran\u00e7a dos Dados<\/strong><\/p><p>Tomamos medidas de seguran\u00e7a para proteger suas informa\u00e7\u00f5es pessoais contra perda, acesso n\u00e3o autorizado, divulga\u00e7\u00e3o, altera\u00e7\u00e3o e destrui\u00e7\u00e3o. No entanto, lembre-se de que a seguran\u00e7a de dados na internet n\u00e3o pode ser garantida.<\/p><p><strong>Seus Direitos<\/strong><\/p><p>Voc\u00ea tem direito de acessar, corrigir ou excluir suas informa\u00e7\u00f5es pessoais a qualquer momento. Voc\u00ea tamb\u00e9m pode optar por n\u00e3o receber comunica\u00e7\u00f5es futuras enviando um e-mail para contato@montclairelleva.com.<\/p><p><strong>Altera\u00e7\u00f5es nesta Pol\u00edtica<\/strong><\/p><p>Podemos atualizar esta Pol\u00edtica de Privacidade e Termos de Uso ocasionalmente. As altera\u00e7\u00f5es entrar\u00e3o em vigor quando forem publicadas nesta p\u00e1gina, portanto, recomendamos que voc\u00ea reveja periodicamente esta p\u00e1gina para ficar informado sobre as pr\u00e1ticas de privacidade em nosso Site.<\/p><p><strong>Contato<\/strong><\/p><p>Se voc\u00ea tiver alguma d\u00favida ou preocupa\u00e7\u00e3o relacionada a esta Pol\u00edtica de Privacidade e Termos de Uso, entre em contato conosco em [Inserir endere\u00e7o de e-mail de contato].<\/p><p>Ao usar nosso Site, voc\u00ea concorda com os termos desta Pol\u00edtica de Privacidade e Termos de Uso.\u00a0<\/p>\t\t\t\t\t\t<\/div>\n\t\t\t\t<\/div>\n\t\t\t\t\t<\/div>\n\t\t\t\t<\/div>\n\t\t<div class=\"elementor-element elementor-element-a866309 e-flex e-con-boxed e-con\" data-id=\"a866309\" data-element_type=\"container\" data-settings=\"{&quot;content_width&quot;:&quot;boxed&quot;}\">\n\t\t\t\t\t<div class=\"e-con-inner\">\n\t\t\t\t<div class=\"elementor-element elementor-element-b725829 elementor-widget elementor-widget-html\" data-id=\"b725829\" data-element_type=\"widget\" data-widget_type=\"html.default\">\n\t\t\t\t<div class=\"elementor-widget-container\">\n\t\t\t<head>\r\n \r\n <meta name=\"theme-color\" content=\"#F5EAE4\">\r\n <meta name=\"apple-mobile-web-app-status-bar-style\" content=\"#F5EAE4\">\r\n <meta name=\"msapplication-navbutton-color\" content=\"#F5EAE4\">\r\n\r\n<style>\r\n\r\nhtml,body{\r\n max-width:100%;\r\n overflow-x:hidden;\r\n}\r\n\r\n::-webkit-scrollbar{\r\n width:16px;\r\n}\r\n\r\n::-webkit-scrollbar-track{\r\n background:#F5EAE4;\r\n}\r\n \r\n::-webkit-scrollbar-thumb{\r\n -webkit-border-radius:12px;\r\n border-radius:12px;\r\n background:#CDBBB6;\r\n border:3px solid #F5EAE4;\r\n}\r\n\r\n<\/style>\r\n<\/head>\r\n\r\n\r\n\r\n\r\n\r\n\t\t<\/div>\n\t\t\t\t<\/div>\n\t\t\t\t\t<\/div>\n\t\t\t\t<\/div>\n\t\t\t\t\t\t\t<\/div>\n\t\t","protected":false},"excerpt":{"rendered":"<p>Pol\u00edtica de Privacidade Bem-vindo ao site Montclair Elleva, acess\u00edvel em https:\/\/projetos.avioriz.com.br\/montclairelleva\/ (doravante referido como &#8220;Site&#8221;). Este Site \u00e9 operado pela Montclair Elleva. Valorizamos sua privacidade e estamos empenhados em proteger suas informa\u00e7\u00f5es pessoais. Esta pol\u00edtica explica como coletamos, usamos e protegemos suas informa\u00e7\u00f5es quando voc\u00ea usa nosso Site. Ao acessar ou usar nosso Site, voc\u00ea [&hellip;]<\/p>\n","protected":false},"author":1,"featured_media":0,"parent":0,"menu_order":0,"comment_status":"open","ping_status":"closed","template":"elementor_header_footer","meta":{"footnotes":""},"_links":{"self":[{"href":"https:\/\/projetos.avioriz.com.br\/montclairelleva\/wp-json\/wp\/v2\/pages\/2205"}],"collection":[{"href":"https:\/\/projetos.avioriz.com.br\/montclairelleva\/wp-json\/wp\/v2\/pages"}],"about":[{"href":"https:\/\/projetos.avioriz.com.br\/montclairelleva\/wp-json\/wp\/v2\/types\/page"}],"author":[{"embeddable":true,"href":"https:\/\/projetos.avioriz.com.br\/montclairelleva\/wp-json\/wp\/v2\/users\/1"}],"replies":[{"embeddable":true,"href":"https:\/\/projetos.avioriz.com.br\/montclairelleva\/wp-json\/wp\/v2\/comments?post=2205"}],"version-history":[{"count":0,"href":"https:\/\/projetos.avioriz.com.br\/montclairelleva\/wp-json\/wp\/v2\/pages\/2205\/revisions"}],"wp:attachment":[{"href":"https:\/\/projetos.avioriz.com.br\/montclairelleva\/wp-json\/wp\/v2\/media?parent=2205"}],"curies":[{"name":"wp","href":"https:\/\/api.w.org\/{rel}","templated":true}]}}