{"id":18,"date":"2023-09-04T13:55:44","date_gmt":"2023-09-04T16:55:44","guid":{"rendered":"https:\/\/projetos.avioriz.com.br\/montclairelleva\/?page_id=18"},"modified":"2023-10-23T17:06:26","modified_gmt":"2023-10-23T20:06:26","slug":"nossa-equipe","status":"publish","type":"page","link":"https:\/\/projetos.avioriz.com.br\/montclairelleva\/nossa-equipe\/","title":{"rendered":"Nossa Equipe"},"content":{"rendered":"\t\t<div data-elementor-type=\"wp-page\" data-elementor-id=\"18\" class=\"elementor elementor-18\" data-elementor-post-type=\"page\">\n\t\t\t\t\t\t\t<div class=\"elementor-element elementor-element-1691bbd e-flex e-con-boxed e-con\" data-id=\"1691bbd\" data-element_type=\"container\" data-settings=\"{&quot;background_background&quot;:&quot;classic&quot;,&quot;shape_divider_bottom&quot;:&quot;curve&quot;,&quot;shape_divider_bottom_negative&quot;:&quot;yes&quot;,&quot;content_width&quot;:&quot;boxed&quot;}\">\n\t\t\t\t\t<div class=\"e-con-inner\">\n\t\t\t\t<div class=\"elementor-shape elementor-shape-bottom\" data-negative=\"true\">\n\t\t\t<svg xmlns=\"http:\/\/www.w3.org\/2000\/svg\" viewBox=\"0 0 1000 100\" preserveAspectRatio=\"none\">\n\t<path class=\"elementor-shape-fill\" d=\"M500,97C126.7,96.3,0.8,19.8,0,0v100l1000,0V1C1000,19.4,873.3,97.8,500,97z\"\/>\n<\/svg>\t\t<\/div>\n\t\t\t\t<div class=\"elementor-element elementor-element-3d590ee elementor-widget__width-inherit elementor-widget elementor-widget-text-editor\" data-id=\"3d590ee\" data-element_type=\"widget\" data-widget_type=\"text-editor.default\">\n\t\t\t\t<div class=\"elementor-widget-container\">\n\t\t\t<style>\/*! elementor - v3.15.0 - 20-08-2023 *\/\n.elementor-widget-text-editor.elementor-drop-cap-view-stacked .elementor-drop-cap{background-color:#69727d;color:#fff}.elementor-widget-text-editor.elementor-drop-cap-view-framed .elementor-drop-cap{color:#69727d;border:3px solid;background-color:transparent}.elementor-widget-text-editor:not(.elementor-drop-cap-view-default) .elementor-drop-cap{margin-top:8px}.elementor-widget-text-editor:not(.elementor-drop-cap-view-default) .elementor-drop-cap-letter{width:1em;height:1em}.elementor-widget-text-editor .elementor-drop-cap{float:left;text-align:center;line-height:1;font-size:50px}.elementor-widget-text-editor .elementor-drop-cap-letter{display:inline-block}<\/style>\t\t\t\t<p>Nossa Equipe<\/p>\t\t\t\t\t\t<\/div>\n\t\t\t\t<\/div>\n\t\t\t\t\t<\/div>\n\t\t\t\t<\/div>\n\t\t<div class=\"elementor-element elementor-element-861e696 e-flex e-con-boxed e-con\" data-id=\"861e696\" data-element_type=\"container\" data-settings=\"{&quot;content_width&quot;:&quot;boxed&quot;}\">\n\t\t\t\t\t<div class=\"e-con-inner\">\n\t\t\t\t<div class=\"elementor-element elementor-element-5e30455 elementor-widget__width-inherit elementor-widget-tablet__width-initial equipe-box elementor-position-top elementor-invisible elementor-widget elementor-widget-image-box\" data-id=\"5e30455\" data-element_type=\"widget\" data-settings=\"{&quot;_animation&quot;:&quot;fadeIn&quot;}\" data-widget_type=\"image-box.default\">\n\t\t\t\t<div class=\"elementor-widget-container\">\n\t\t\t<style>\/*! elementor - v3.15.0 - 20-08-2023 *\/\n.elementor-widget-image-box .elementor-image-box-content{width:100%}@media (min-width:768px){.elementor-widget-image-box.elementor-position-left .elementor-image-box-wrapper,.elementor-widget-image-box.elementor-position-right .elementor-image-box-wrapper{display:flex}.elementor-widget-image-box.elementor-position-right .elementor-image-box-wrapper{text-align:right;flex-direction:row-reverse}.elementor-widget-image-box.elementor-position-left .elementor-image-box-wrapper{text-align:left;flex-direction:row}.elementor-widget-image-box.elementor-position-top .elementor-image-box-img{margin:auto}.elementor-widget-image-box.elementor-vertical-align-top .elementor-image-box-wrapper{align-items:flex-start}.elementor-widget-image-box.elementor-vertical-align-middle .elementor-image-box-wrapper{align-items:center}.elementor-widget-image-box.elementor-vertical-align-bottom .elementor-image-box-wrapper{align-items:flex-end}}@media (max-width:767px){.elementor-widget-image-box .elementor-image-box-img{margin-left:auto!important;margin-right:auto!important;margin-bottom:15px}}.elementor-widget-image-box .elementor-image-box-img{display:inline-block}.elementor-widget-image-box .elementor-image-box-title a{color:inherit}.elementor-widget-image-box .elementor-image-box-wrapper{text-align:center}.elementor-widget-image-box .elementor-image-box-description{margin:0}<\/style><div class=\"elementor-image-box-wrapper\"><figure class=\"elementor-image-box-img\"><a href=\"https:\/\/projetos.avioriz.com.br\/montclairelleva\/dra-larissa-pinheiro\/\"><img decoding=\"async\" width=\"400\" height=\"400\" src=\"https:\/\/projetos.avioriz.com.br\/montclairelleva\/wp-content\/uploads\/2023\/10\/montclairElleva_dra_larissa_pinheiro.png\" class=\"attachment-full size-full wp-image-2404\" alt=\"\" srcset=\"https:\/\/projetos.avioriz.com.br\/montclairelleva\/wp-content\/uploads\/2023\/10\/montclairElleva_dra_larissa_pinheiro.png 400w, https:\/\/projetos.avioriz.com.br\/montclairelleva\/wp-content\/uploads\/2023\/10\/montclairElleva_dra_larissa_pinheiro-300x300.png 300w, https:\/\/projetos.avioriz.com.br\/montclairelleva\/wp-content\/uploads\/2023\/10\/montclairElleva_dra_larissa_pinheiro-150x150.png 150w\" sizes=\"(max-width: 400px) 100vw, 400px\" \/><\/a><\/figure><div class=\"elementor-image-box-content\"><h3 class=\"elementor-image-box-title\"><a href=\"https:\/\/projetos.avioriz.com.br\/montclairelleva\/dra-larissa-pinheiro\/\">Dra. Larissa Pinheiro<\/a><\/h3><p class=\"elementor-image-box-description\">A Dra. Larissa Pinheiro \u00e9 uma dermatologista experiente e a diretora cl\u00ednica da Montclair Elleva. <br><br>\n\n<a class=\"link\" href=\"https:\/\/projetos.avioriz.com.br\/montclairelleva\/dra-larissa-pinheiro\/\"><span style= \n \"text-decoration: underline\">Saiba Mais<\/span><\/a><\/p><\/div><\/div>\t\t<\/div>\n\t\t\t\t<\/div>\n\t\t\t\t<div class=\"elementor-element elementor-element-dbd51b6 elementor-widget__width-inherit elementor-widget-tablet__width-initial equipe-box elementor-position-top elementor-invisible elementor-widget elementor-widget-image-box\" data-id=\"dbd51b6\" data-element_type=\"widget\" data-settings=\"{&quot;_animation&quot;:&quot;fadeIn&quot;}\" data-widget_type=\"image-box.default\">\n\t\t\t\t<div class=\"elementor-widget-container\">\n\t\t\t<div class=\"elementor-image-box-wrapper\"><figure class=\"elementor-image-box-img\"><a href=\"https:\/\/projetos.avioriz.com.br\/montclairelleva\/dra-beatriz-santos\/\"><img decoding=\"async\" width=\"400\" height=\"400\" src=\"https:\/\/projetos.avioriz.com.br\/montclairelleva\/wp-content\/uploads\/2023\/10\/montclairElleva_dra_beatriz_santos-2.png\" class=\"attachment-full size-full wp-image-2408\" alt=\"\" srcset=\"https:\/\/projetos.avioriz.com.br\/montclairelleva\/wp-content\/uploads\/2023\/10\/montclairElleva_dra_beatriz_santos-2.png 400w, https:\/\/projetos.avioriz.com.br\/montclairelleva\/wp-content\/uploads\/2023\/10\/montclairElleva_dra_beatriz_santos-2-300x300.png 300w, https:\/\/projetos.avioriz.com.br\/montclairelleva\/wp-content\/uploads\/2023\/10\/montclairElleva_dra_beatriz_santos-2-150x150.png 150w\" sizes=\"(max-width: 400px) 100vw, 400px\" \/><\/a><\/figure><div class=\"elementor-image-box-content\"><h3 class=\"elementor-image-box-title\"><a href=\"https:\/\/projetos.avioriz.com.br\/montclairelleva\/dra-beatriz-santos\/\">Dra. Beatriz Santos<\/a><\/h3><p class=\"elementor-image-box-description\">A Dra. Beatriz Santos \u00e9 uma dermatologista da Montclair Elleva especializada em tratamentos faciais.<br><br>\n\n<a class=\"link\" href=\"https:\/\/projetos.avioriz.com.br\/montclairelleva\/dra-beatriz-santos\/\"><span style= \n \"text-decoration: underline\">Saiba Mais<\/span><\/a><\/p><\/div><\/div>\t\t<\/div>\n\t\t\t\t<\/div>\n\t\t\t\t<div class=\"elementor-element elementor-element-4461695 elementor-widget__width-inherit elementor-widget-tablet__width-initial equipe-box elementor-position-top elementor-invisible elementor-widget elementor-widget-image-box\" data-id=\"4461695\" data-element_type=\"widget\" data-settings=\"{&quot;_animation&quot;:&quot;fadeIn&quot;}\" data-widget_type=\"image-box.default\">\n\t\t\t\t<div class=\"elementor-widget-container\">\n\t\t\t<div class=\"elementor-image-box-wrapper\"><figure class=\"elementor-image-box-img\"><a href=\"https:\/\/projetos.avioriz.com.br\/montclairelleva\/dra-ana-luiza\/\"><img decoding=\"async\" width=\"400\" height=\"400\" src=\"https:\/\/projetos.avioriz.com.br\/montclairelleva\/wp-content\/uploads\/2023\/10\/montclairElleva_dra_ana_Luiza.png\" class=\"attachment-full size-full wp-image-2405\" alt=\"\" srcset=\"https:\/\/projetos.avioriz.com.br\/montclairelleva\/wp-content\/uploads\/2023\/10\/montclairElleva_dra_ana_Luiza.png 400w, https:\/\/projetos.avioriz.com.br\/montclairelleva\/wp-content\/uploads\/2023\/10\/montclairElleva_dra_ana_Luiza-300x300.png 300w, https:\/\/projetos.avioriz.com.br\/montclairelleva\/wp-content\/uploads\/2023\/10\/montclairElleva_dra_ana_Luiza-150x150.png 150w\" sizes=\"(max-width: 400px) 100vw, 400px\" \/><\/a><\/figure><div class=\"elementor-image-box-content\"><h3 class=\"elementor-image-box-title\"><a href=\"https:\/\/projetos.avioriz.com.br\/montclairelleva\/dra-ana-luiza\/\">Dra. Ana Luiza<\/a><\/h3><p class=\"elementor-image-box-description\">A Dra. Ana Luiza \u00e9 uma especialista em harmoniza\u00e7\u00e3o facial na Montclair Elleva, sendo respons\u00e1vel pelos procedimentos de botox e preenchimentos. <br><br>\n\n<a class=\"link\" href=\"https:\/\/projetos.avioriz.com.br\/montclairelleva\/dra-ana-luiza\/\"><span style= \n \"text-decoration: underline\">Saiba Mais<\/span><\/a><\/p><\/div><\/div>\t\t<\/div>\n\t\t\t\t<\/div>\n\t\t\t\t<div class=\"elementor-element elementor-element-057029d elementor-widget__width-inherit elementor-widget-tablet__width-initial equipe-box elementor-position-top elementor-invisible elementor-widget elementor-widget-image-box\" data-id=\"057029d\" data-element_type=\"widget\" data-settings=\"{&quot;_animation&quot;:&quot;fadeIn&quot;}\" data-widget_type=\"image-box.default\">\n\t\t\t\t<div class=\"elementor-widget-container\">\n\t\t\t<div class=\"elementor-image-box-wrapper\"><figure class=\"elementor-image-box-img\"><a href=\"https:\/\/projetos.avioriz.com.br\/montclairelleva\/dra-fernanda-dias\/\"><img decoding=\"async\" width=\"400\" height=\"400\" src=\"https:\/\/projetos.avioriz.com.br\/montclairelleva\/wp-content\/uploads\/2023\/10\/montclairElleva_dra_fernanda_dias.png\" class=\"attachment-full size-full wp-image-2406\" alt=\"\" srcset=\"https:\/\/projetos.avioriz.com.br\/montclairelleva\/wp-content\/uploads\/2023\/10\/montclairElleva_dra_fernanda_dias.png 400w, https:\/\/projetos.avioriz.com.br\/montclairelleva\/wp-content\/uploads\/2023\/10\/montclairElleva_dra_fernanda_dias-300x300.png 300w, https:\/\/projetos.avioriz.com.br\/montclairelleva\/wp-content\/uploads\/2023\/10\/montclairElleva_dra_fernanda_dias-150x150.png 150w\" sizes=\"(max-width: 400px) 100vw, 400px\" \/><\/a><\/figure><div class=\"elementor-image-box-content\"><h3 class=\"elementor-image-box-title\"><a href=\"https:\/\/projetos.avioriz.com.br\/montclairelleva\/dra-fernanda-dias\/\">Dra. Fernanda Dias<\/a><\/h3><p class=\"elementor-image-box-description\">A Dra. Fernanda Dias \u00e9 uma dermatologista especializada em uma ampla gama de tratamentos corporais e faciais na Montclair Elleva.<br><br>\n\n<a class=\"link\" href=\"https:\/\/projetos.avioriz.com.br\/montclairelleva\/dra-fernanda-dias\/\"><span style= \n \"text-decoration: underline\">Saiba Mais<\/span><\/a><\/p><\/div><\/div>\t\t<\/div>\n\t\t\t\t<\/div>\n\t\t\t\t\t<\/div>\n\t\t\t\t<\/div>\n\t\t<div class=\"elementor-element elementor-element-60c9131 e-flex e-con-boxed e-con\" data-id=\"60c9131\" data-element_type=\"container\" data-settings=\"{&quot;content_width&quot;:&quot;boxed&quot;}\">\n\t\t\t\t\t<div class=\"e-con-inner\">\n\t\t\t\t<div class=\"elementor-element elementor-element-b778e4b elementor-widget elementor-widget-html\" data-id=\"b778e4b\" data-element_type=\"widget\" data-widget_type=\"html.default\">\n\t\t\t\t<div class=\"elementor-widget-container\">\n\t\t\t<head>\r\n \r\n <meta name=\"theme-color\" content=\"#F5EAE4\">\r\n <meta name=\"apple-mobile-web-app-status-bar-style\" content=\"#F5EAE4\">\r\n <meta name=\"msapplication-navbutton-color\" content=\"#F5EAE4\">\r\n\r\n<style>\r\n\r\nhtml,body{\r\n max-width:100%;\r\n overflow-x:hidden;\r\n}\r\n\r\n::-webkit-scrollbar{\r\n width:16px;\r\n}\r\n\r\n::-webkit-scrollbar-track{\r\n background:#F5EAE4;\r\n}\r\n \r\n::-webkit-scrollbar-thumb{\r\n -webkit-border-radius:12px;\r\n border-radius:12px;\r\n background:#CDBBB6;\r\n border:3px solid #F5EAE4;\r\n}\r\n\r\n<\/style>\r\n<\/head>\r\n\r\n\r\n\r\n\r\n\r\n\t\t<\/div>\n\t\t\t\t<\/div>\n\t\t\t\t\t<\/div>\n\t\t\t\t<\/div>\n\t\t\t\t\t\t\t<\/div>\n\t\t","protected":false},"excerpt":{"rendered":"<p>Nossa Equipe Dra. Larissa Pinheiro A Dra. Larissa Pinheiro \u00e9 uma dermatologista experiente e a diretora cl\u00ednica da Montclair Elleva. Saiba Mais Dra. Beatriz Santos A Dra. Beatriz Santos \u00e9 uma dermatologista da Montclair Elleva especializada em tratamentos faciais. Saiba Mais Dra. Ana Luiza A Dra. Ana Luiza \u00e9 uma especialista em harmoniza\u00e7\u00e3o facial na [&hellip;]<\/p>\n","protected":false},"author":1,"featured_media":0,"parent":0,"menu_order":0,"comment_status":"open","ping_status":"closed","template":"elementor_header_footer","meta":{"footnotes":""},"_links":{"self":[{"href":"https:\/\/projetos.avioriz.com.br\/montclairelleva\/wp-json\/wp\/v2\/pages\/18"}],"collection":[{"href":"https:\/\/projetos.avioriz.com.br\/montclairelleva\/wp-json\/wp\/v2\/pages"}],"about":[{"href":"https:\/\/projetos.avioriz.com.br\/montclairelleva\/wp-json\/wp\/v2\/types\/page"}],"author":[{"embeddable":true,"href":"https:\/\/projetos.avioriz.com.br\/montclairelleva\/wp-json\/wp\/v2\/users\/1"}],"replies":[{"embeddable":true,"href":"https:\/\/projetos.avioriz.com.br\/montclairelleva\/wp-json\/wp\/v2\/comments?post=18"}],"version-history":[{"count":0,"href":"https:\/\/projetos.avioriz.com.br\/montclairelleva\/wp-json\/wp\/v2\/pages\/18\/revisions"}],"wp:attachment":[{"href":"https:\/\/projetos.avioriz.com.br\/montclairelleva\/wp-json\/wp\/v2\/media?parent=18"}],"curies":[{"name":"wp","href":"https:\/\/api.w.org\/{rel}","templated":true}]}}